{"id":678,"date":"2018-04-13T10:51:13","date_gmt":"2018-04-13T13:51:13","guid":{"rendered":"http:\/\/concertostribanco.com.br\/portal\/?page_id=678"},"modified":"2025-02-17T11:48:45","modified_gmt":"2025-02-17T14:48:45","slug":"o-projeto","status":"publish","type":"page","link":"https:\/\/concertostribanco.com.br\/portal\/o-projeto\/","title":{"rendered":"O Projeto"},"content":{"rendered":"<p>O projeto CONCERTOS TRIBANCO iniciou sua primeira temporada de concertos em 2004, e no ano de 2025 completa 21 anos de atividades. Nesse per\u00edodo trouxemos a Uberl\u00e2ndia mais de 190 m\u00fasicos de renome nacional e internacional, vindos de diversas partes do Brasil, pa\u00edses da Europa, \u00c1sia e das tr\u00eas Am\u00e9ricas. Esses artistas \u2013 al\u00e9m de se apresentarem em um concerto oficial no teatro -, tamb\u00e9m participam de a\u00e7\u00f5es que o Concertos Tribanco desenvolve nas \u00e1reas social e educacional, seja atrav\u00e9s de concertos sociais realizados em asilos, orfanatos e escolas p\u00fablicas, ou de oficinas, palestras, workshops e Master Classes gratuitos para alunos e professores de m\u00fasica da cidade de Uberl\u00e2ndia e regi\u00e3o. Com essas a\u00e7\u00f5es integradas, procuramos aliar objetivos art\u00edstico-musicais a a\u00e7\u00f5es sociais e educativas, visando contribuir para o aprimoramento de alunos e professores de m\u00fasica da cidade e regi\u00e3o, assim como levar a m\u00fasica para segmentos de nossa sociedade que n\u00e3o tem oportunidade de ir ao teatro assistir a um concerto.<\/p>\n<p>Outra a\u00e7\u00e3o social importante do Concertos Tribanco \u00e9 que todos os concertos de nosso projeto s\u00e3o beneficentes. Desde 2004 arrecadamos toneladas de alimentos, litros de leite, centenas de edredons, livros, brinquedos, que foram doados para diversas institui\u00e7\u00f5es carentes de nossa cidade.<\/p>\n<p>Mas para conseguirmos realizar com sucesso esta trajet\u00f3ria, muitos contribu\u00edram para chegarmos at\u00e9 aqui. Por isso os agradecimentos s\u00e3o inevit\u00e1veis.<\/p>\n<p>\u2013\u00a0 em primeiro lugar nosso agradecimento especial ao TRIBANCO do Sistema Integrado Martins, que desde o primeiro ano acreditou em nosso sonho, e mesmo sem termos naquela \u00e9poca uma hist\u00f3ria, resolveu apostar em nossos ideais. Nosso eterno <u>Muito Obrigada <\/u>pela confian\u00e7a e respeito!<\/p>\n<p>\u2013 aos diversos parceiros que nos apoiaram pontualmente desde 2004;<\/p>\n<p>\u2013 \u00e0 imprensa local e nacional \u2013 r\u00e1dio, jornal e tv -, e os meios de comunica\u00e7\u00e3o digital, que sempre divulgaram em seus editoriais os concertos e atividades desenvolvidas pelo Concertos Tribanco;<\/p>\n<p>\u2013 \u00e0 minha equipe, que n\u00e3o mede esfor\u00e7os para desenvolver suas atribui\u00e7\u00f5es com amor e dedica\u00e7\u00e3o;<\/p>\n<p>\u2013 e ao nosso querido p\u00fablico, que desde 2004 nos prestigia com sua presen\u00e7a. Este projeto \u00e9 anualmente feito e pensado para voc\u00eas! Muito obrigada pelo apoio e considera\u00e7\u00e3o!<\/p>\n<p>Encontro voc\u00eas nos concertos da Temporada 2025 do \u201cConcertos Tribanco\u201d!!!<\/p>\n<p>Um abra\u00e7o,<\/p>\n<p><strong>Viviane Bodaczny<\/strong><\/p>\n<p>Proponente e Diretora Art\u00edstica do \u201cConcertos Tribanco Uberl\u00e2ndia\u201d.<\/p>\n","protected":false},"excerpt":{"rendered":"<p>O projeto CONCERTOS TRIBANCO iniciou sua primeira temporada de concertos em 2004, e no ano de 2025 completa 21 anos de atividades. Nesse per\u00edodo trouxemos a Uberl\u00e2ndia mais de 190 m\u00fasicos de renome nacional e internacional, vindos de diversas partes do Brasil, pa\u00edses da Europa, \u00c1sia e das tr\u00eas Am\u00e9ricas. Esses artistas \u2013 al\u00e9m de &#8230; <a title=\"O Projeto\" class=\"read-more\" href=\"https:\/\/concertostribanco.com.br\/portal\/o-projeto\/\" aria-label=\"Read more about O Projeto\">Ler mais<\/a><\/p>\n","protected":false},"author":1,"featured_media":1740,"parent":0,"menu_order":0,"comment_status":"closed","ping_status":"closed","template":"","meta":{"footnotes":""},"class_list":["post-678","page","type-page","status-publish","has-post-thumbnail"],"_links":{"self":[{"href":"https:\/\/concertostribanco.com.br\/portal\/wp-json\/wp\/v2\/pages\/678","targetHints":{"allow":["GET"]}}],"collection":[{"href":"https:\/\/concertostribanco.com.br\/portal\/wp-json\/wp\/v2\/pages"}],"about":[{"href":"https:\/\/concertostribanco.com.br\/portal\/wp-json\/wp\/v2\/types\/page"}],"author":[{"embeddable":true,"href":"https:\/\/concertostribanco.com.br\/portal\/wp-json\/wp\/v2\/users\/1"}],"replies":[{"embeddable":true,"href":"https:\/\/concertostribanco.com.br\/portal\/wp-json\/wp\/v2\/comments?post=678"}],"version-history":[{"count":45,"href":"https:\/\/concertostribanco.com.br\/portal\/wp-json\/wp\/v2\/pages\/678\/revisions"}],"predecessor-version":[{"id":2735,"href":"https:\/\/concertostribanco.com.br\/portal\/wp-json\/wp\/v2\/pages\/678\/revisions\/2735"}],"wp:featuredmedia":[{"embeddable":true,"href":"https:\/\/concertostribanco.com.br\/portal\/wp-json\/wp\/v2\/media\/1740"}],"wp:attachment":[{"href":"https:\/\/concertostribanco.com.br\/portal\/wp-json\/wp\/v2\/media?parent=678"}],"curies":[{"name":"wp","href":"https:\/\/api.w.org\/{rel}","templated":true}]}}